{"id":898,"date":"2023-11-22T19:53:59","date_gmt":"2023-11-22T18:53:59","guid":{"rendered":"http:\/\/193.59.17.94:85\/?page_id=898"},"modified":"2026-03-16T12:11:12","modified_gmt":"2026-03-16T11:11:12","slug":"70cm-2m","status":"publish","type":"page","link":"http:\/\/194.92.67.112\/index.php\/70cm-2m\/","title":{"rendered":"70cm => 2m"},"content":{"rendered":"\t\t<div data-elementor-type=\"wp-page\" data-elementor-id=\"898\" class=\"elementor elementor-898\">\n\t\t\t\t<div class=\"elementor-element elementor-element-4b8b360 e-flex e-con-boxed e-con e-parent\" data-id=\"4b8b360\" data-element_type=\"container\" data-e-type=\"container\">\n\t\t\t\t\t<div class=\"e-con-inner\">\n\t\t\t\t<div class=\"elementor-element elementor-element-817e2f3 elementor-widget-divider--view-line elementor-widget elementor-widget-divider\" data-id=\"817e2f3\" data-element_type=\"widget\" data-e-type=\"widget\" data-widget_type=\"divider.default\">\n\t\t\t\t\t\t\t<div class=\"elementor-divider\">\n\t\t\t<span class=\"elementor-divider-separator\">\n\t\t\t\t\t\t<\/span>\n\t\t<\/div>\n\t\t\t\t\t\t<\/div>\n\t\t\t\t\t<\/div>\n\t\t\t\t<\/div>\n\t\t<div class=\"elementor-element elementor-element-869317e e-flex e-con-boxed e-con e-parent\" data-id=\"869317e\" data-element_type=\"container\" data-e-type=\"container\">\n\t\t\t\t\t<div class=\"e-con-inner\">\n\t\t\t\t<div class=\"elementor-element elementor-element-66743e2 elementor-widget elementor-widget-image\" data-id=\"66743e2\" data-element_type=\"widget\" data-e-type=\"widget\" data-widget_type=\"image.default\">\n\t\t\t\t\t\t\t\t\t\t\t\t\t\t\t<img fetchpriority=\"high\" decoding=\"async\" width=\"1024\" height=\"464\" src=\"http:\/\/194.92.67.112\/wp-content\/uploads\/2024\/02\/sr7kgo-sr7abz-\u2014-kopia.png\" class=\"attachment-large size-large wp-image-3908\" alt=\"\" \/>\t\t\t\t\t\t\t\t\t\t\t\t\t\t\t<\/div>\n\t\t\t\t\t<\/div>\n\t\t\t\t<\/div>\n\t\t<div class=\"elementor-element elementor-element-61921a4 e-flex e-con-boxed e-con e-parent\" data-id=\"61921a4\" data-element_type=\"container\" data-e-type=\"container\">\n\t\t\t\t\t<div class=\"e-con-inner\">\n\t\t\t\t<div class=\"elementor-element elementor-element-33349ae elementor-widget elementor-widget-text-editor\" data-id=\"33349ae\" data-element_type=\"widget\" data-e-type=\"widget\" data-widget_type=\"text-editor.default\">\n\t\t\t\t\t\t\t\t\t<p>Sygna\u0142 odebrany przez anten\u0119 i TRX w pasmie 70cm na cz\u0119stotliwo\u015bci 433.250MHz koniecznie! opatrzony subtonem ctcss 88.5Hz jest retransmitowany w pa\u015bmie 2m jednocze\u015bnie na cz\u0119stotliwo\u015bciach 145.275MHz oraz 144.675MHz.<\/p>\t\t\t\t\t\t\t\t<\/div>\n\t\t\t\t\t<\/div>\n\t\t\t\t<\/div>\n\t\t<div class=\"elementor-element elementor-element-751f9a2 e-flex e-con-boxed e-con e-parent\" data-id=\"751f9a2\" data-element_type=\"container\" data-e-type=\"container\">\n\t\t\t\t\t<div class=\"e-con-inner\">\n\t\t\t\t<div class=\"elementor-element elementor-element-b12c8b0 elementor-widget-divider--view-line elementor-widget elementor-widget-divider\" data-id=\"b12c8b0\" data-element_type=\"widget\" data-e-type=\"widget\" data-widget_type=\"divider.default\">\n\t\t\t\t\t\t\t<div class=\"elementor-divider\">\n\t\t\t<span class=\"elementor-divider-separator\">\n\t\t\t\t\t\t<\/span>\n\t\t<\/div>\n\t\t\t\t\t\t<\/div>\n\t\t\t\t\t<\/div>\n\t\t\t\t<\/div>\n\t\t\t\t<\/div>\n\t\t","protected":false},"excerpt":{"rendered":"<p>Sygna\u0142 odebrany przez anten\u0119 i TRX w pasmie 70cm na cz\u0119stotliwo\u015bci 433.250MHz koniecznie! opatrzony subtonem ctcss 88.5Hz jest retransmitowany w pa\u015bmie 2m jednocze\u015bnie na cz\u0119stotliwo\u015bciach 145.275MHz oraz 144.675MHz.<\/p>\n","protected":false},"author":2,"featured_media":0,"parent":0,"menu_order":0,"comment_status":"closed","ping_status":"closed","template":"","meta":{"footnotes":""},"class_list":["post-898","page","type-page","status-publish","hentry"],"_links":{"self":[{"href":"http:\/\/194.92.67.112\/index.php\/wp-json\/wp\/v2\/pages\/898","targetHints":{"allow":["GET"]}}],"collection":[{"href":"http:\/\/194.92.67.112\/index.php\/wp-json\/wp\/v2\/pages"}],"about":[{"href":"http:\/\/194.92.67.112\/index.php\/wp-json\/wp\/v2\/types\/page"}],"author":[{"embeddable":true,"href":"http:\/\/194.92.67.112\/index.php\/wp-json\/wp\/v2\/users\/2"}],"replies":[{"embeddable":true,"href":"http:\/\/194.92.67.112\/index.php\/wp-json\/wp\/v2\/comments?post=898"}],"version-history":[{"count":63,"href":"http:\/\/194.92.67.112\/index.php\/wp-json\/wp\/v2\/pages\/898\/revisions"}],"predecessor-version":[{"id":5995,"href":"http:\/\/194.92.67.112\/index.php\/wp-json\/wp\/v2\/pages\/898\/revisions\/5995"}],"wp:attachment":[{"href":"http:\/\/194.92.67.112\/index.php\/wp-json\/wp\/v2\/media?parent=898"}],"curies":[{"name":"wp","href":"https:\/\/api.w.org\/{rel}","templated":true}]}}