{"id":890,"date":"2023-11-22T19:50:15","date_gmt":"2023-11-22T18:50:15","guid":{"rendered":"http:\/\/193.59.17.94:85\/?page_id=890"},"modified":"2026-03-16T12:11:04","modified_gmt":"2026-03-16T11:11:04","slug":"2m-70cm","status":"publish","type":"page","link":"http:\/\/194.92.67.112\/index.php\/2m-70cm\/","title":{"rendered":"2m => 70cm"},"content":{"rendered":"\t\t<div data-elementor-type=\"wp-page\" data-elementor-id=\"890\" class=\"elementor elementor-890\">\n\t\t\t\t<div class=\"elementor-element elementor-element-058bf77 e-flex e-con-boxed e-con e-parent\" data-id=\"058bf77\" data-element_type=\"container\" data-e-type=\"container\">\n\t\t\t\t\t<div class=\"e-con-inner\">\n\t\t\t\t<div class=\"elementor-element elementor-element-1aa96f6 elementor-widget-divider--view-line elementor-widget elementor-widget-divider\" data-id=\"1aa96f6\" data-element_type=\"widget\" data-e-type=\"widget\" data-widget_type=\"divider.default\">\n\t\t\t\t\t\t\t<div class=\"elementor-divider\">\n\t\t\t<span class=\"elementor-divider-separator\">\n\t\t\t\t\t\t<\/span>\n\t\t<\/div>\n\t\t\t\t\t\t<\/div>\n\t\t\t\t\t<\/div>\n\t\t\t\t<\/div>\n\t\t<div class=\"elementor-element elementor-element-699c812 e-flex e-con-boxed e-con e-parent\" data-id=\"699c812\" data-element_type=\"container\" data-e-type=\"container\">\n\t\t\t\t\t<div class=\"e-con-inner\">\n\t\t\t\t<div class=\"elementor-element elementor-element-6af729d elementor-widget elementor-widget-image\" data-id=\"6af729d\" data-element_type=\"widget\" data-e-type=\"widget\" data-widget_type=\"image.default\">\n\t\t\t\t\t\t\t\t\t\t\t\t\t\t\t<img fetchpriority=\"high\" decoding=\"async\" width=\"1024\" height=\"464\" src=\"http:\/\/194.92.67.112\/wp-content\/uploads\/2024\/02\/sr7kgo-sr7abz-\u2014-kopia.png\" class=\"attachment-large size-large wp-image-3908\" alt=\"\" \/>\t\t\t\t\t\t\t\t\t\t\t\t\t\t\t<\/div>\n\t\t\t\t\t<\/div>\n\t\t\t\t<\/div>\n\t\t<div class=\"elementor-element elementor-element-3cda372 e-flex e-con-boxed e-con e-parent\" data-id=\"3cda372\" data-element_type=\"container\" data-e-type=\"container\">\n\t\t\t\t\t<div class=\"e-con-inner\">\n\t\t\t\t<div class=\"elementor-element elementor-element-9ec7c6d elementor-widget elementor-widget-text-editor\" data-id=\"9ec7c6d\" data-element_type=\"widget\" data-e-type=\"widget\" data-widget_type=\"text-editor.default\">\n\t\t\t\t\t\t\t\t\t<p>Sygna\u0142 odebrany przez anten\u0119 i TRX w pasmie 2m na cz\u0119stotliwo\u015bci 144.675MHz jest retransmitowany w pa\u015bmie 70cm na 433.250MHz z subtonem 88.5Hz i przekazany dalej na 145.275MHz.<\/p>\t\t\t\t\t\t\t\t<\/div>\n\t\t\t\t<div class=\"elementor-element elementor-element-e8a333e elementor-widget elementor-widget-text-editor\" data-id=\"e8a333e\" data-element_type=\"widget\" data-e-type=\"widget\" data-widget_type=\"text-editor.default\">\n\t\t\t\t\t\t\t\t\t<p>Sygna\u0142 odebrany przez anten\u0119 i TRX w pasmie 2m na cz\u0119stotliwo\u015bci 145.275MHz jest retransmitowany w pa\u015bmie 70cm na 433.250MHz z subtonem 88.5Hz i przekazany dalej na 144.675MHz.<\/p>\t\t\t\t\t\t\t\t<\/div>\n\t\t\t\t\t<\/div>\n\t\t\t\t<\/div>\n\t\t<div class=\"elementor-element elementor-element-61797cf e-flex e-con-boxed e-con e-parent\" data-id=\"61797cf\" data-element_type=\"container\" data-e-type=\"container\">\n\t\t\t\t\t<div class=\"e-con-inner\">\n\t\t\t\t<div class=\"elementor-element elementor-element-9496200 elementor-widget-divider--view-line elementor-widget elementor-widget-divider\" data-id=\"9496200\" data-element_type=\"widget\" data-e-type=\"widget\" data-widget_type=\"divider.default\">\n\t\t\t\t\t\t\t<div class=\"elementor-divider\">\n\t\t\t<span class=\"elementor-divider-separator\">\n\t\t\t\t\t\t<\/span>\n\t\t<\/div>\n\t\t\t\t\t\t<\/div>\n\t\t\t\t\t<\/div>\n\t\t\t\t<\/div>\n\t\t\t\t<\/div>\n\t\t","protected":false},"excerpt":{"rendered":"<p>Sygna\u0142 odebrany przez anten\u0119 i TRX w pasmie 2m na cz\u0119stotliwo\u015bci 144.675MHz jest retransmitowany w pa\u015bmie 70cm na 433.250MHz z subtonem 88.5Hz i przekazany dalej na 145.275MHz. Sygna\u0142 odebrany przez anten\u0119 i TRX w pasmie 2m na cz\u0119stotliwo\u015bci 145.275MHz jest retransmitowany w pa\u015bmie 70cm na 433.250MHz z subtonem 88.5Hz i przekazany dalej na 144.675MHz.<\/p>\n","protected":false},"author":2,"featured_media":0,"parent":0,"menu_order":0,"comment_status":"closed","ping_status":"closed","template":"","meta":{"footnotes":""},"class_list":["post-890","page","type-page","status-publish","hentry"],"_links":{"self":[{"href":"http:\/\/194.92.67.112\/index.php\/wp-json\/wp\/v2\/pages\/890","targetHints":{"allow":["GET"]}}],"collection":[{"href":"http:\/\/194.92.67.112\/index.php\/wp-json\/wp\/v2\/pages"}],"about":[{"href":"http:\/\/194.92.67.112\/index.php\/wp-json\/wp\/v2\/types\/page"}],"author":[{"embeddable":true,"href":"http:\/\/194.92.67.112\/index.php\/wp-json\/wp\/v2\/users\/2"}],"replies":[{"embeddable":true,"href":"http:\/\/194.92.67.112\/index.php\/wp-json\/wp\/v2\/comments?post=890"}],"version-history":[{"count":69,"href":"http:\/\/194.92.67.112\/index.php\/wp-json\/wp\/v2\/pages\/890\/revisions"}],"predecessor-version":[{"id":5986,"href":"http:\/\/194.92.67.112\/index.php\/wp-json\/wp\/v2\/pages\/890\/revisions\/5986"}],"wp:attachment":[{"href":"http:\/\/194.92.67.112\/index.php\/wp-json\/wp\/v2\/media?parent=890"}],"curies":[{"name":"wp","href":"https:\/\/api.w.org\/{rel}","templated":true}]}}