{"id":81,"date":"2023-11-12T13:36:54","date_gmt":"2023-11-12T12:36:54","guid":{"rendered":"http:\/\/10.20.20.99\/?page_id=81"},"modified":"2026-03-16T12:12:38","modified_gmt":"2026-03-16T11:12:38","slug":"sp7kgo","status":"publish","type":"page","link":"http:\/\/194.92.67.112\/index.php\/sp7kgo\/","title":{"rendered":"SP7KGO"},"content":{"rendered":"\t\t<div data-elementor-type=\"wp-page\" data-elementor-id=\"81\" class=\"elementor elementor-81\">\n\t\t\t\t<div class=\"elementor-element elementor-element-81397df e-flex e-con-boxed e-con e-parent\" data-id=\"81397df\" data-element_type=\"container\" data-e-type=\"container\">\n\t\t\t\t\t<div class=\"e-con-inner\">\n\t\t\t\t<div class=\"elementor-element elementor-element-f1e232d elementor-widget-divider--view-line elementor-widget elementor-widget-divider\" data-id=\"f1e232d\" data-element_type=\"widget\" data-e-type=\"widget\" data-widget_type=\"divider.default\">\n\t\t\t\t\t\t\t<div class=\"elementor-divider\">\n\t\t\t<span class=\"elementor-divider-separator\">\n\t\t\t\t\t\t<\/span>\n\t\t<\/div>\n\t\t\t\t\t\t<\/div>\n\t\t\t\t\t<\/div>\n\t\t\t\t<\/div>\n\t\t<div class=\"elementor-element elementor-element-5f9aa54 e-flex e-con-boxed e-con e-parent\" data-id=\"5f9aa54\" data-element_type=\"container\" data-e-type=\"container\">\n\t\t\t\t\t<div class=\"e-con-inner\">\n\t\t\t\t<div class=\"elementor-element elementor-element-1aa6409 elementor-widget elementor-widget-text-editor\" data-id=\"1aa6409\" data-element_type=\"widget\" data-e-type=\"widget\" data-widget_type=\"text-editor.default\">\n\t\t\t\t\t\t\t\t\t<p>Znak wywo\u0142awczy stacji klubowej Ponidzia\u0144skiej Grupy Kr\u00f3tkofalowc\u00f3w zrzeszaj\u0105cej w Terenowym Klubie P.Z.K. (Polski Zwi\u0105zek Kr\u00f3tkofalowc\u00f3w) koleg\u00f3w z Ponidzia o podobnych zainteresowaniach radiotechnicznych.<\/p>\t\t\t\t\t\t\t\t<\/div>\n\t\t\t\t\t<\/div>\n\t\t\t\t<\/div>\n\t\t<div class=\"elementor-element elementor-element-75c7dd4 e-flex e-con-boxed e-con e-parent\" data-id=\"75c7dd4\" data-element_type=\"container\" data-e-type=\"container\">\n\t\t\t\t\t<div class=\"e-con-inner\">\n\t\t\t\t<div class=\"elementor-element elementor-element-678e5e2 elementor-widget elementor-widget-image\" data-id=\"678e5e2\" data-element_type=\"widget\" data-e-type=\"widget\" data-widget_type=\"image.default\">\n\t\t\t\t\t\t\t\t\t\t\t\t\t\t\t\t<a href=\"https:\/\/pzk.org.pl\/news.php\" target=\"_blank\">\n\t\t\t\t\t\t\t<img fetchpriority=\"high\" decoding=\"async\" width=\"863\" height=\"128\" src=\"http:\/\/194.92.67.112\/wp-content\/uploads\/2023\/11\/PZK.jpg\" class=\"attachment-large size-large wp-image-607\" alt=\"\" \/>\t\t\t\t\t\t\t\t<\/a>\n\t\t\t\t\t\t\t\t\t\t\t\t\t\t\t<\/div>\n\t\t\t\t\t<\/div>\n\t\t\t\t<\/div>\n\t\t<div class=\"elementor-element elementor-element-d807abf e-flex e-con-boxed e-con e-parent\" data-id=\"d807abf\" data-element_type=\"container\" data-e-type=\"container\">\n\t\t\t\t\t<div class=\"e-con-inner\">\n\t\t\t\t<div class=\"elementor-element elementor-element-e4be2e1 elementor-widget elementor-widget-text-editor\" data-id=\"e4be2e1\" data-element_type=\"widget\" data-e-type=\"widget\" data-widget_type=\"text-editor.default\">\n\t\t\t\t\t\t\t\t\t<p>Historia klubu SP7KGO si\u0119ga lat 60-tych kiedy to dzia\u0142a\u0142 pr\u0119\u017cnie pod egid\u0105 Ligi Obrony Kraju jako jedna z sekcji wchodz\u0105cej w sk\u0142ad struktury L.O.K. Organizacja zrzesza\u0142a, zach\u0119ca\u0142a m\u0142odzie\u017c i nie tylko, do aktywnego wypoczynku, nauki, poszerzania umiej\u0119tno\u015bci w r\u00f3\u017cnych dziedzinach: modelarstwo, \u017ceglarstwo, strzelectwo, kr\u00f3tkofalarstwo, nurkowanie, transport itp. przygotowuj\u0105c przy okazji przysz\u0142ych poborowych do wst\u0105pienia w szeregi wyspecjalizowanych struktur Wojska Polskiego.<\/p>\t\t\t\t\t\t\t\t<\/div>\n\t\t\t\t\t<\/div>\n\t\t\t\t<\/div>\n\t\t<div class=\"elementor-element elementor-element-f843e6d e-flex e-con-boxed e-con e-parent\" data-id=\"f843e6d\" data-element_type=\"container\" data-e-type=\"container\">\n\t\t\t\t\t<div class=\"e-con-inner\">\n\t\t\t\t<div class=\"elementor-element elementor-element-82f9ffa elementor-widget elementor-widget-image\" data-id=\"82f9ffa\" data-element_type=\"widget\" data-e-type=\"widget\" data-widget_type=\"image.default\">\n\t\t\t\t\t\t\t\t\t\t\t\t\t\t\t\t<a href=\"http:\/\/lok.org.pl\/\" target=\"_blank\">\n\t\t\t\t\t\t\t<img decoding=\"async\" width=\"300\" height=\"186\" src=\"http:\/\/194.92.67.112\/wp-content\/uploads\/2023\/11\/LOK.jpg\" class=\"attachment-medium size-medium wp-image-606\" alt=\"\" \/>\t\t\t\t\t\t\t\t<\/a>\n\t\t\t\t\t\t\t\t\t\t\t\t\t\t\t<\/div>\n\t\t\t\t\t<\/div>\n\t\t\t\t<\/div>\n\t\t<div class=\"elementor-element elementor-element-574d987 e-flex e-con-boxed e-con e-parent\" data-id=\"574d987\" data-element_type=\"container\" data-e-type=\"container\">\n\t\t\t\t\t<div class=\"e-con-inner\">\n\t\t\t\t<div class=\"elementor-element elementor-element-a581d99 elementor-widget elementor-widget-text-editor\" data-id=\"a581d99\" data-element_type=\"widget\" data-e-type=\"widget\" data-widget_type=\"text-editor.default\">\n\t\t\t\t\t\t\t\t\t<p>Zmiany polityczne na prze\u0142omie lat 90-tych spowodowa\u0142y, i\u017c fundusze na dzia\u0142alno\u015b\u0107 poszczeg\u00f3lnych sekcji L.O.K. zosta\u0142y okrojone. Zlikwidowano najmniej popularne. Siedziba klubu na ul. Partyzant\u00f3w zosta\u0142a zwr\u00f3cona w\u0142a\u015bcicielom, a klub SP7KGO praktycznie przesta\u0142 istnie\u0107.<\/p>\t\t\t\t\t\t\t\t<\/div>\n\t\t\t\t\t<\/div>\n\t\t\t\t<\/div>\n\t\t<div class=\"elementor-element elementor-element-0477d39 e-flex e-con-boxed e-con e-parent\" data-id=\"0477d39\" data-element_type=\"container\" data-e-type=\"container\">\n\t\t\t\t\t<div class=\"e-con-inner\">\n\t\t\t\t<div class=\"elementor-element elementor-element-9c9d1d5 elementor-widget elementor-widget-image\" data-id=\"9c9d1d5\" data-element_type=\"widget\" data-e-type=\"widget\" data-widget_type=\"image.default\">\n\t\t\t\t\t\t\t\t\t\t\t\t<figure class=\"wp-caption\">\n\t\t\t\t\t\t\t\t\t\t\t<a href=\"https:\/\/photos.google.com\/share\/AF1QipOun8bFnEZS-mLxQZn7noF1V1hVwAz8hpXVYZ4mXiCtVnP3RojrZDAL1-mZ53XzEg?key=TnBkNk5vTmZ5VDFEQ01hUDVZWGJkRUhUR2JVT0Rn\" target=\"_blank\">\n\t\t\t\t\t\t\t<img decoding=\"async\" width=\"1024\" height=\"656\" src=\"http:\/\/194.92.67.112\/wp-content\/uploads\/2024\/05\/OK2-18728.bmp\" class=\"attachment-large size-large wp-image-4564\" alt=\"\" \/>\t\t\t\t\t\t\t\t<\/a>\n\t\t\t\t\t\t\t\t\t\t\t<figcaption class=\"widget-image-caption wp-caption-text\">Pami\u0105tkowe karty QSL z lat 70-tych.<\/figcaption>\n\t\t\t\t\t\t\t\t\t\t<\/figure>\n\t\t\t\t\t\t\t\t\t<\/div>\n\t\t\t\t\t<\/div>\n\t\t\t\t<\/div>\n\t\t<div class=\"elementor-element elementor-element-ea88d87 e-flex e-con-boxed e-con e-parent\" data-id=\"ea88d87\" data-element_type=\"container\" data-e-type=\"container\">\n\t\t\t\t\t<div class=\"e-con-inner\">\n\t\t\t\t<div class=\"elementor-element elementor-element-a07e737 elementor-widget elementor-widget-text-editor\" data-id=\"a07e737\" data-element_type=\"widget\" data-e-type=\"widget\" data-widget_type=\"text-editor.default\">\n\t\t\t\t\t\t\t\t\t<p>Z dzia\u0142alno\u015bci klubu SP7KGO z siedziba w Busku-Zdroju przy ul. Partyzant\u00f3w 9 pr\u00f3cz wspomnie\u0144 klubowicz\u00f3w nie zachowa\u0142y si\u0119 prawie \u017cadne pami\u0105tkowe materia\u0142y. Pozostaje nam jedynie kilka klubowych kart QSL pochodz\u0105cych z prywatnych archiw\u00f3w uczestnik\u00f3w \u0142\u0105czno\u015bci.<\/p>\t\t\t\t\t\t\t\t<\/div>\n\t\t\t\t<div class=\"elementor-element elementor-element-2a0cec6 elementor-widget elementor-widget-image\" data-id=\"2a0cec6\" data-element_type=\"widget\" data-e-type=\"widget\" data-widget_type=\"image.default\">\n\t\t\t\t\t\t\t\t\t\t\t\t<figure class=\"wp-caption\">\n\t\t\t\t\t\t\t\t\t\t\t<a href=\"https:\/\/photos.app.goo.gl\/c5LdpMC8uMs2cVxJ8\" target=\"_blank\">\n\t\t\t\t\t\t\t<img loading=\"lazy\" decoding=\"async\" width=\"407\" height=\"407\" src=\"http:\/\/194.92.67.112\/wp-content\/uploads\/2023\/12\/qsl-stare.jpg\" class=\"attachment-large size-large wp-image-2095\" alt=\"\" \/>\t\t\t\t\t\t\t\t<\/a>\n\t\t\t\t\t\t\t\t\t\t\t<figcaption class=\"widget-image-caption wp-caption-text\">Atualne karty QSL - galeria<\/figcaption>\n\t\t\t\t\t\t\t\t\t\t<\/figure>\n\t\t\t\t\t\t\t\t\t<\/div>\n\t\t\t\t\t<\/div>\n\t\t\t\t<\/div>\n\t\t<div class=\"elementor-element elementor-element-8fc652e e-flex e-con-boxed e-con e-parent\" data-id=\"8fc652e\" data-element_type=\"container\" data-e-type=\"container\">\n\t\t\t\t\t<div class=\"e-con-inner\">\n\t\t\t\t<div class=\"elementor-element elementor-element-12a8270 elementor-widget elementor-widget-text-editor\" data-id=\"12a8270\" data-element_type=\"widget\" data-e-type=\"widget\" data-widget_type=\"text-editor.default\">\n\t\t\t\t\t\t\t\t\t<p>Wyj\u0105tkowym artefaktem upami\u0119tniaj\u0105cym dzia\u0142alno\u015b\u0107 klubow\u0105 jest wyci\u0105g z logu kolegi SP5ELA potwierdzaj\u0105cy przeprowadzone \u0142\u0105czno\u015bci stacji SP7KGO.<\/p>\t\t\t\t\t\t\t\t<\/div>\n\t\t\t\t<div class=\"elementor-element elementor-element-ce4e406 elementor-widget elementor-widget-image\" data-id=\"ce4e406\" data-element_type=\"widget\" data-e-type=\"widget\" data-widget_type=\"image.default\">\n\t\t\t\t\t\t\t\t\t\t\t\t\t\t\t\t<a href=\"https:\/\/photos.google.com\/share\/AF1QipOun8bFnEZS-mLxQZn7noF1V1hVwAz8hpXVYZ4mXiCtVnP3RojrZDAL1-mZ53XzEg?key=TnBkNk5vTmZ5VDFEQ01hUDVZWGJkRUhUR2JVT0Rn\" target=\"_blank\">\n\t\t\t\t\t\t\t<img loading=\"lazy\" decoding=\"async\" width=\"826\" height=\"220\" src=\"http:\/\/194.92.67.112\/wp-content\/uploads\/2023\/12\/wyciag-z-logu-sp7ela.jpg\" class=\"attachment-full size-full wp-image-2100\" alt=\"\" \/>\t\t\t\t\t\t\t\t<\/a>\n\t\t\t\t\t\t\t\t\t\t\t\t\t\t\t<\/div>\n\t\t\t\t<div class=\"elementor-element elementor-element-45ae671 elementor-widget elementor-widget-text-editor\" data-id=\"45ae671\" data-element_type=\"widget\" data-e-type=\"widget\" data-widget_type=\"text-editor.default\">\n\t\t\t\t\t\t\t\t\t<p>Ciekawostk\u0105 w logu s\u0105 wpisy QSO z dawnych lat informuj\u0105ce o czasie, pa\u015bmie i rodzaju modulacji jak\u0105 \u0142\u0105czno\u015bci zosta\u0142y przeprowadzone. Lata 70-te to czasy dla kr\u00f3tkofalowc\u00f3w nieobfituj\u0105ce w dost\u0119p do sprz\u0119tu fabrycznego. W obiegu by\u0142y urz\u0105dzenia najcz\u0119\u015bciej wojskowe z demobilu, przestarza\u0142e, przerabiane i przystosowywane do prowadzenia \u0142\u0105czno\u015bci w pasmach dost\u0119pnych dla radioamator\u00f3w. St\u0105d te\u017c pewnie w rubryce MODE informacja &#8222;AM&#8221; oznaczaj\u0105ca modulacj\u0119 amplitudy sygna\u0142u uznan\u0105 za ma\u0142o efektywn\u0105, energoch\u0142onn\u0105 i w dzisiejszych czasach nie u\u017cywana przez kr\u00f3tkofalowc\u00f3w.<\/p>\t\t\t\t\t\t\t\t<\/div>\n\t\t\t\t\t<\/div>\n\t\t\t\t<\/div>\n\t\t<div class=\"elementor-element elementor-element-1d0b80f e-flex e-con-boxed e-con e-parent\" data-id=\"1d0b80f\" data-element_type=\"container\" data-e-type=\"container\">\n\t\t\t\t\t<div class=\"e-con-inner\">\n\t\t\t\t<div class=\"elementor-element elementor-element-736cb6e elementor-widget elementor-widget-image\" data-id=\"736cb6e\" data-element_type=\"widget\" data-e-type=\"widget\" data-widget_type=\"image.default\">\n\t\t\t\t\t\t\t\t\t\t\t\t\t\t\t<img loading=\"lazy\" decoding=\"async\" width=\"300\" height=\"300\" src=\"http:\/\/194.92.67.112\/wp-content\/uploads\/2023\/11\/logo4.gif\" class=\"attachment-medium size-medium wp-image-786\" alt=\"\" \/>\t\t\t\t\t\t\t\t\t\t\t\t\t\t\t<\/div>\n\t\t\t\t<div class=\"elementor-element elementor-element-1b4f72f elementor-widget elementor-widget-text-editor\" data-id=\"1b4f72f\" data-element_type=\"widget\" data-e-type=\"widget\" data-widget_type=\"text-editor.default\">\n\t\t\t\t\t\t\t\t\t<p>Reaktywacja klubu nast\u0105pi\u0142a w 2019 roku z woli kontynuacji dzia\u0142alno\u015bci w eterze pod wcze\u015bniej u\u017cywanym znakiem SP7KGO. Uda\u0142o si\u0119 go odzyska\u0107, dzi\u0119ki czemu mo\u017cemy nadawa\u0107 pod historycznym znakiem klubowym z kt\u00f3rym wielu z nas \u0142\u0105czy mi\u0142e wspomnienia z m\u0142odo\u015bci.<\/p><p align=\"justify\">5 pa\u017adziernika 2019 prezes klubu SP7PKI \u015awi\u0119tokrzyskiego Oddzia\u0142u P.Z.K. kolega Jerzy SP7CVW przekaza\u0142 na nasze r\u0119ce POZWOLENIE RADIOWE uprawniaj\u0105ce do nadawania w eterze pod danym znakiem stacji klubowej <b>SP7KGO<\/b>.<\/p>\t\t\t\t\t\t\t\t<\/div>\n\t\t\t\t\t<\/div>\n\t\t\t\t<\/div>\n\t\t<div class=\"elementor-element elementor-element-dfba29a e-flex e-con-boxed e-con e-parent\" data-id=\"dfba29a\" data-element_type=\"container\" data-e-type=\"container\">\n\t\t\t\t\t<div class=\"e-con-inner\">\n\t\t\t\t<div class=\"elementor-element elementor-element-59514ce elementor-widget elementor-widget-image\" data-id=\"59514ce\" data-element_type=\"widget\" data-e-type=\"widget\" data-widget_type=\"image.default\">\n\t\t\t\t\t\t\t\t\t\t\t\t\t\t\t<img loading=\"lazy\" decoding=\"async\" width=\"718\" height=\"1024\" src=\"http:\/\/194.92.67.112\/wp-content\/uploads\/2023\/11\/SP7KGO-pozwolenie-radiowe.jpg\" class=\"attachment-large size-large wp-image-76\" alt=\"Pozwolenie radiowe\" \/>\t\t\t\t\t\t\t\t\t\t\t\t\t\t\t<\/div>\n\t\t\t\t\t<\/div>\n\t\t\t\t<\/div>\n\t\t<div class=\"elementor-element elementor-element-6833e29 e-flex e-con-boxed e-con e-parent\" data-id=\"6833e29\" data-element_type=\"container\" data-e-type=\"container\">\n\t\t\t\t\t<div class=\"e-con-inner\">\n\t\t\t\t<div class=\"elementor-element elementor-element-9a79624 elementor-widget elementor-widget-text-editor\" data-id=\"9a79624\" data-element_type=\"widget\" data-e-type=\"widget\" data-widget_type=\"text-editor.default\">\n\t\t\t\t\t\t\t\t\t<p>Dok\u0142adamy wszelkich stara\u0144 aby g\u0142os stacji SP7KGO by\u0142 s\u0142yszany na falach eteru na wszystkich d\u0142ugo\u015bciach i szeroko\u015bciach geograficznych wszystkimi emisjami zaczynaj\u0105c o najstarszych jak telegrafia CW poprzez emisje foniczne AM, SSB, FM oraz cyfrowe RTTY, SSTV, FT8 itp. zar\u00f3wno na pasmach KF jak i UKF czy VHF.<\/p>\t\t\t\t\t\t\t\t<\/div>\n\t\t\t\t\t<\/div>\n\t\t\t\t<\/div>\n\t\t<div class=\"elementor-element elementor-element-0776d07 e-flex e-con-boxed e-con e-parent\" data-id=\"0776d07\" data-element_type=\"container\" data-e-type=\"container\">\n\t\t\t\t\t<div class=\"e-con-inner\">\n\t\t\t\t<div class=\"elementor-element elementor-element-b3c9941 elementor-widget elementor-widget-image\" data-id=\"b3c9941\" data-element_type=\"widget\" data-e-type=\"widget\" data-widget_type=\"image.default\">\n\t\t\t\t\t\t\t\t\t\t\t\t<figure class=\"wp-caption\">\n\t\t\t\t\t\t\t\t\t\t\t<a href=\"https:\/\/photos.google.com\/share\/AF1QipMqdPRQ9E6RU0sDnY5lDfYxpM8CGLIlWDP3HFx3pWj9zBzUxtY9G-_6e-m_EIfGUQ?key=VW9STGNJcEFmVWN3WG5NMUYzYTdnMlludWtsUldn\" target=\"_blank\">\n\t\t\t\t\t\t\t<img loading=\"lazy\" decoding=\"async\" width=\"300\" height=\"300\" src=\"http:\/\/194.92.67.112\/wp-content\/uploads\/2024\/06\/dyplomy.jpg\" class=\"attachment-medium size-medium wp-image-4665\" alt=\"\" \/>\t\t\t\t\t\t\t\t<\/a>\n\t\t\t\t\t\t\t\t\t\t\t<figcaption class=\"widget-image-caption wp-caption-text\">Zapraszamy do obejrzenia zdobytych dyplom\u00f3w<\/figcaption>\n\t\t\t\t\t\t\t\t\t\t<\/figure>\n\t\t\t\t\t\t\t\t\t<\/div>\n\t\t\t\t\t<\/div>\n\t\t\t\t<\/div>\n\t\t<div class=\"elementor-element elementor-element-07bbed7 e-flex e-con-boxed e-con e-parent\" data-id=\"07bbed7\" data-element_type=\"container\" data-e-type=\"container\">\n\t\t\t\t\t<div class=\"e-con-inner\">\n\t\t\t\t<div class=\"elementor-element elementor-element-3afacf2 elementor-widget-divider--view-line elementor-widget elementor-widget-divider\" data-id=\"3afacf2\" data-element_type=\"widget\" data-e-type=\"widget\" data-widget_type=\"divider.default\">\n\t\t\t\t\t\t\t<div class=\"elementor-divider\">\n\t\t\t<span class=\"elementor-divider-separator\">\n\t\t\t\t\t\t<\/span>\n\t\t<\/div>\n\t\t\t\t\t\t<\/div>\n\t\t\t\t\t<\/div>\n\t\t\t\t<\/div>\n\t\t\t\t<\/div>\n\t\t","protected":false},"excerpt":{"rendered":"<p>Znak wywo\u0142awczy stacji klubowej Ponidzia\u0144skiej Grupy Kr\u00f3tkofalowc\u00f3w zrzeszaj\u0105cej w Terenowym Klubie P.Z.K. (Polski Zwi\u0105zek Kr\u00f3tkofalowc\u00f3w) koleg\u00f3w z Ponidzia o podobnych zainteresowaniach radiotechnicznych. Historia klubu SP7KGO si\u0119ga lat 60-tych kiedy to dzia\u0142a\u0142 pr\u0119\u017cnie pod egid\u0105 Ligi Obrony Kraju jako jedna z sekcji wchodz\u0105cej w sk\u0142ad struktury L.O.K. Organizacja zrzesza\u0142a, zach\u0119ca\u0142a m\u0142odzie\u017c i nie tylko, do aktywnego [&hellip;]<\/p>\n","protected":false},"author":2,"featured_media":0,"parent":0,"menu_order":0,"comment_status":"closed","ping_status":"closed","template":"","meta":{"footnotes":""},"class_list":["post-81","page","type-page","status-publish","hentry"],"_links":{"self":[{"href":"http:\/\/194.92.67.112\/index.php\/wp-json\/wp\/v2\/pages\/81","targetHints":{"allow":["GET"]}}],"collection":[{"href":"http:\/\/194.92.67.112\/index.php\/wp-json\/wp\/v2\/pages"}],"about":[{"href":"http:\/\/194.92.67.112\/index.php\/wp-json\/wp\/v2\/types\/page"}],"author":[{"embeddable":true,"href":"http:\/\/194.92.67.112\/index.php\/wp-json\/wp\/v2\/users\/2"}],"replies":[{"embeddable":true,"href":"http:\/\/194.92.67.112\/index.php\/wp-json\/wp\/v2\/comments?post=81"}],"version-history":[{"count":128,"href":"http:\/\/194.92.67.112\/index.php\/wp-json\/wp\/v2\/pages\/81\/revisions"}],"predecessor-version":[{"id":5927,"href":"http:\/\/194.92.67.112\/index.php\/wp-json\/wp\/v2\/pages\/81\/revisions\/5927"}],"wp:attachment":[{"href":"http:\/\/194.92.67.112\/index.php\/wp-json\/wp\/v2\/media?parent=81"}],"curies":[{"name":"wp","href":"https:\/\/api.w.org\/{rel}","templated":true}]}}