{"id":803,"date":"2023-11-21T12:22:55","date_gmt":"2023-11-21T11:22:55","guid":{"rendered":"http:\/\/193.59.17.94:85\/?page_id=803"},"modified":"2026-03-16T12:10:54","modified_gmt":"2026-03-16T11:10:54","slug":"galeria","status":"publish","type":"page","link":"http:\/\/194.92.67.112\/index.php\/galeria\/","title":{"rendered":"145.275MHz"},"content":{"rendered":"\t\t<div data-elementor-type=\"wp-page\" data-elementor-id=\"803\" class=\"elementor elementor-803\">\n\t\t\t\t<div class=\"elementor-element elementor-element-336cefe e-flex e-con-boxed e-con e-parent\" data-id=\"336cefe\" data-element_type=\"container\" data-e-type=\"container\">\n\t\t\t\t\t<div class=\"e-con-inner\">\n\t\t\t\t<div class=\"elementor-element elementor-element-b1cdf34 elementor-widget-divider--view-line elementor-widget elementor-widget-divider\" data-id=\"b1cdf34\" data-element_type=\"widget\" data-e-type=\"widget\" data-widget_type=\"divider.default\">\n\t\t\t\t\t\t\t<div class=\"elementor-divider\">\n\t\t\t<span class=\"elementor-divider-separator\">\n\t\t\t\t\t\t<\/span>\n\t\t<\/div>\n\t\t\t\t\t\t<\/div>\n\t\t\t\t\t<\/div>\n\t\t\t\t<\/div>\n\t\t<div class=\"elementor-element elementor-element-d52b905 e-flex e-con-boxed e-con e-parent\" data-id=\"d52b905\" data-element_type=\"container\" data-e-type=\"container\">\n\t\t\t\t\t<div class=\"e-con-inner\">\n\t\t\t\t<div class=\"elementor-element elementor-element-813c560 elementor-widget elementor-widget-image\" data-id=\"813c560\" data-element_type=\"widget\" data-e-type=\"widget\" data-settings=\"{&quot;_animation&quot;:&quot;none&quot;}\" data-widget_type=\"image.default\">\n\t\t\t\t\t\t\t\t\t\t\t\t\t\t\t<img fetchpriority=\"high\" decoding=\"async\" width=\"300\" height=\"288\" src=\"http:\/\/194.92.67.112\/wp-content\/uploads\/2023\/12\/wieza.png\" class=\"attachment-medium size-medium wp-image-1268\" alt=\"\" \/>\t\t\t\t\t\t\t\t\t\t\t\t\t\t\t<\/div>\n\t\t\t\t<div class=\"elementor-element elementor-element-21293ae elementor-widget elementor-widget-spacer\" data-id=\"21293ae\" data-element_type=\"widget\" data-e-type=\"widget\" data-widget_type=\"spacer.default\">\n\t\t\t\t\t\t\t<div class=\"elementor-spacer\">\n\t\t\t<div class=\"elementor-spacer-inner\"><\/div>\n\t\t<\/div>\n\t\t\t\t\t\t<\/div>\n\t\t\t\t\t<\/div>\n\t\t\t\t<\/div>\n\t\t<div class=\"elementor-element elementor-element-1b3b17da e-flex e-con-boxed e-con e-parent\" data-id=\"1b3b17da\" data-element_type=\"container\" data-e-type=\"container\">\n\t\t\t\t\t<div class=\"e-con-inner\">\n\t\t\t\t<div class=\"elementor-element elementor-element-51cc413c elementor-widget elementor-widget-text-editor\" data-id=\"51cc413c\" data-element_type=\"widget\" data-e-type=\"widget\" data-widget_type=\"text-editor.default\">\n\t\t\t\t\t\t\t\t\t<p>Aktualna cz\u0119stotliwo\u015b\u0107 lokalna, na kt\u00f3rej koledzy si\u0119 wywo\u0142uj, na kt\u00f3rej tocz\u0105 si\u0119 wszelkie rozmowy i na kt\u00f3rej panuje najwi\u0119kszy ruch w eterze, to 145.275MHz. Ale nie zawsze tak by\u0142o. Z przekaz\u00f3w ustnych dowiadujemy si\u0119, \u017ce kiedy\u015b tak\u0105 rol\u0119 spe\u0142nia\u0142a cz\u0119stotliwo\u015b\u0107 145.500MHz jako og\u00f3lnopolski kana\u0142 wywo\u0142awczy. Na pocz\u0105tku lat 90 XX wieku koledzy z regionu Ponidzia zacz\u0119li u\u017cywa\u0107 r\u00f3wnolegle QRG 145.275MHz, kt\u00f3ra z czasem utrwali\u0142a si\u0119 jako cz\u0119stotliwo\u015b\u0107 do rozm\u00f3w lokalnych.<\/p>\t\t\t\t\t\t\t\t<\/div>\n\t\t\t\t\t<\/div>\n\t\t\t\t<\/div>\n\t\t<div class=\"elementor-element elementor-element-86bf0ec e-flex e-con-boxed e-con e-parent\" data-id=\"86bf0ec\" data-element_type=\"container\" data-e-type=\"container\">\n\t\t\t\t\t<div class=\"e-con-inner\">\n\t\t\t\t<div class=\"elementor-element elementor-element-4e8d2ae elementor-widget elementor-widget-spacer\" data-id=\"4e8d2ae\" data-element_type=\"widget\" data-e-type=\"widget\" data-widget_type=\"spacer.default\">\n\t\t\t\t\t\t\t<div class=\"elementor-spacer\">\n\t\t\t<div class=\"elementor-spacer-inner\"><\/div>\n\t\t<\/div>\n\t\t\t\t\t\t<\/div>\n\t\t\t\t\t<\/div>\n\t\t\t\t<\/div>\n\t\t<div class=\"elementor-element elementor-element-3b0026c e-flex e-con-boxed e-con e-parent\" data-id=\"3b0026c\" data-element_type=\"container\" data-e-type=\"container\">\n\t\t\t\t\t<div class=\"e-con-inner\">\n\t\t\t\t<div class=\"elementor-element elementor-element-0156f32 elementor-widget-divider--view-line elementor-widget elementor-widget-divider\" data-id=\"0156f32\" data-element_type=\"widget\" data-e-type=\"widget\" data-widget_type=\"divider.default\">\n\t\t\t\t\t\t\t<div class=\"elementor-divider\">\n\t\t\t<span class=\"elementor-divider-separator\">\n\t\t\t\t\t\t<\/span>\n\t\t<\/div>\n\t\t\t\t\t\t<\/div>\n\t\t\t\t\t<\/div>\n\t\t\t\t<\/div>\n\t\t\t\t<\/div>\n\t\t","protected":false},"excerpt":{"rendered":"<p>Aktualna cz\u0119stotliwo\u015b\u0107 lokalna, na kt\u00f3rej koledzy si\u0119 wywo\u0142uj, na kt\u00f3rej tocz\u0105 si\u0119 wszelkie rozmowy i na kt\u00f3rej panuje najwi\u0119kszy ruch w eterze, to 145.275MHz. Ale nie zawsze tak by\u0142o. Z przekaz\u00f3w ustnych dowiadujemy si\u0119, \u017ce kiedy\u015b tak\u0105 rol\u0119 spe\u0142nia\u0142a cz\u0119stotliwo\u015b\u0107 145.500MHz jako og\u00f3lnopolski kana\u0142 wywo\u0142awczy. Na pocz\u0105tku lat 90 XX wieku koledzy z regionu Ponidzia [&hellip;]<\/p>\n","protected":false},"author":2,"featured_media":0,"parent":0,"menu_order":0,"comment_status":"closed","ping_status":"closed","template":"","meta":{"footnotes":""},"class_list":["post-803","page","type-page","status-publish","hentry"],"_links":{"self":[{"href":"http:\/\/194.92.67.112\/index.php\/wp-json\/wp\/v2\/pages\/803","targetHints":{"allow":["GET"]}}],"collection":[{"href":"http:\/\/194.92.67.112\/index.php\/wp-json\/wp\/v2\/pages"}],"about":[{"href":"http:\/\/194.92.67.112\/index.php\/wp-json\/wp\/v2\/types\/page"}],"author":[{"embeddable":true,"href":"http:\/\/194.92.67.112\/index.php\/wp-json\/wp\/v2\/users\/2"}],"replies":[{"embeddable":true,"href":"http:\/\/194.92.67.112\/index.php\/wp-json\/wp\/v2\/comments?post=803"}],"version-history":[{"count":59,"href":"http:\/\/194.92.67.112\/index.php\/wp-json\/wp\/v2\/pages\/803\/revisions"}],"predecessor-version":[{"id":4770,"href":"http:\/\/194.92.67.112\/index.php\/wp-json\/wp\/v2\/pages\/803\/revisions\/4770"}],"wp:attachment":[{"href":"http:\/\/194.92.67.112\/index.php\/wp-json\/wp\/v2\/media?parent=803"}],"curies":[{"name":"wp","href":"https:\/\/api.w.org\/{rel}","templated":true}]}}