{"id":5829,"date":"2025-10-04T13:16:15","date_gmt":"2025-10-04T11:16:15","guid":{"rendered":"http:\/\/193.59.17.94:88\/?page_id=5829"},"modified":"2025-10-12T22:52:08","modified_gmt":"2025-10-12T20:52:08","slug":"piatek-20-30-nagrody","status":"publish","type":"page","link":"http:\/\/194.92.67.112\/index.php\/piatek-20-30-nagrody\/","title":{"rendered":"Pi\u0105tek 20.30 NAGRODY"},"content":{"rendered":"\t\t<div data-elementor-type=\"wp-page\" data-elementor-id=\"5829\" class=\"elementor elementor-5829\">\n\t\t\t\t<div class=\"elementor-element elementor-element-e7fee38 e-flex e-con-boxed e-con e-parent\" data-id=\"e7fee38\" data-element_type=\"container\" data-e-type=\"container\">\n\t\t\t\t\t<div class=\"e-con-inner\">\n\t\t\t\t<div class=\"elementor-element elementor-element-8d67af5 elementor-widget-divider--view-line elementor-widget elementor-widget-divider\" data-id=\"8d67af5\" data-element_type=\"widget\" data-e-type=\"widget\" data-widget_type=\"divider.default\">\n\t\t\t\t\t\t\t<div class=\"elementor-divider\">\n\t\t\t<span class=\"elementor-divider-separator\">\n\t\t\t\t\t\t<\/span>\n\t\t<\/div>\n\t\t\t\t\t\t<\/div>\n\t\t\t\t\t<\/div>\n\t\t\t\t<\/div>\n\t\t<div class=\"elementor-element elementor-element-decaca2 e-flex e-con-boxed e-con e-parent\" data-id=\"decaca2\" data-element_type=\"container\" data-e-type=\"container\">\n\t\t\t\t\t<div class=\"e-con-inner\">\n\t\t\t\t<div class=\"elementor-element elementor-element-e031e69 elementor-widget elementor-widget-text-editor\" data-id=\"e031e69\" data-element_type=\"widget\" data-e-type=\"widget\" data-widget_type=\"text-editor.default\">\n\t\t\t\t\t\t\t\t\t<p>G\u0142\u00f3wn\u0105 nagrod\u0119 pi\u0105tkowych \u0142\u0105czno\u015bci stanowi Quansheng UV-5R(8) przekazany przez <strong>Jacka SP7JS<\/strong> zmodernizowany i przystosowany do pracy w pa\u015bmie 23cm.<\/p>\t\t\t\t\t\t\t\t<\/div>\n\t\t\t\t\t<\/div>\n\t\t\t\t<\/div>\n\t\t<div class=\"elementor-element elementor-element-ada4e9c e-flex e-con-boxed e-con e-parent\" data-id=\"ada4e9c\" data-element_type=\"container\" data-e-type=\"container\">\n\t\t\t\t\t<div class=\"e-con-inner\">\n\t\t\t\t<div class=\"elementor-element elementor-element-da519bd elementor-widget elementor-widget-image\" data-id=\"da519bd\" data-element_type=\"widget\" data-e-type=\"widget\" data-widget_type=\"image.default\">\n\t\t\t\t\t\t\t\t\t\t\t\t<figure class=\"wp-caption\">\n\t\t\t\t\t\t\t\t\t\t\t<a href=\"https:\/\/photos.google.com\/share\/AF1QipONdAnKTYyOsUL7_Yjbm-T5a6wh09Ozm6fVL6Xf5GVCn7VEwneuy6rhJaKDm-Thvw?key=YzNYcm0zeEwtQzZFeHoxT2xfeG56OE9UZnBKSDdn\" target=\"_blank\">\n\t\t\t\t\t\t\t<img fetchpriority=\"high\" decoding=\"async\" width=\"169\" height=\"300\" src=\"http:\/\/194.92.67.112\/wp-content\/uploads\/2025\/10\/IMG_20251009_211648-169x300.jpg\" class=\"attachment-medium size-medium wp-image-5967\" alt=\"\" srcset=\"http:\/\/194.92.67.112\/wp-content\/uploads\/2025\/10\/IMG_20251009_211648-169x300.jpg 169w, http:\/\/194.92.67.112\/wp-content\/uploads\/2025\/10\/IMG_20251009_211648-576x1024.jpg 576w, http:\/\/194.92.67.112\/wp-content\/uploads\/2025\/10\/IMG_20251009_211648-768x1365.jpg 768w, http:\/\/194.92.67.112\/wp-content\/uploads\/2025\/10\/IMG_20251009_211648-864x1536.jpg 864w, http:\/\/194.92.67.112\/wp-content\/uploads\/2025\/10\/IMG_20251009_211648-1152x2048.jpg 1152w, http:\/\/194.92.67.112\/wp-content\/uploads\/2025\/10\/IMG_20251009_211648-scaled.jpg 1440w\" sizes=\"(max-width: 169px) 100vw, 169px\" \/>\t\t\t\t\t\t\t\t<\/a>\n\t\t\t\t\t\t\t\t\t\t\t<figcaption class=\"widget-image-caption wp-caption-text\">Nagroda g\u0142\u00f3wna<\/figcaption>\n\t\t\t\t\t\t\t\t\t\t<\/figure>\n\t\t\t\t\t\t\t\t\t<\/div>\n\t\t\t\t\t<\/div>\n\t\t\t\t<\/div>\n\t\t<div class=\"elementor-element elementor-element-f24b662 e-flex e-con-boxed e-con e-parent\" data-id=\"f24b662\" data-element_type=\"container\" data-e-type=\"container\">\n\t\t\t\t\t<div class=\"e-con-inner\">\n\t\t\t\t<div class=\"elementor-element elementor-element-92880d1 elementor-widget elementor-widget-text-editor\" data-id=\"92880d1\" data-element_type=\"widget\" data-e-type=\"widget\" data-widget_type=\"text-editor.default\">\n\t\t\t\t\t\t\t\t\t<p>Pozosta\u0142e nagrody mo\u017cna zobaczy\u0107 w galerii poni\u017cej. Pula ca\u0142y czas si\u0119 powi\u0119ksza. Zach\u0119camy koleg\u00f3w do wst\u0105pienia w poczet fundator\u00f3w.<\/p>\t\t\t\t\t\t\t\t<\/div>\n\t\t\t\t\t<\/div>\n\t\t\t\t<\/div>\n\t\t<div class=\"elementor-element elementor-element-23fefb5 e-flex e-con-boxed e-con e-parent\" data-id=\"23fefb5\" data-element_type=\"container\" data-e-type=\"container\">\n\t\t\t\t\t<div class=\"e-con-inner\">\n\t\t\t\t<div class=\"elementor-element elementor-element-9e66f0c elementor-widget elementor-widget-image\" data-id=\"9e66f0c\" data-element_type=\"widget\" data-e-type=\"widget\" data-widget_type=\"image.default\">\n\t\t\t\t\t\t\t\t\t\t\t\t<figure class=\"wp-caption\">\n\t\t\t\t\t\t\t\t\t\t\t<a href=\"https:\/\/photos.google.com\/share\/AF1QipMlThVnjOCxRO1nwTjrKiiNtw7F5rLknKDCj0TmWrIb3Lflqkmoo8ti2yZEUsaWdw?key=dTMwVnRnSF8wQnFtdnI0QVFoR0hRY0hINkVkUWhR\" target=\"_blank\">\n\t\t\t\t\t\t\t<img decoding=\"async\" width=\"963\" height=\"490\" src=\"http:\/\/194.92.67.112\/wp-content\/uploads\/2025\/10\/award.jpg\" class=\"attachment-large size-large wp-image-5842\" alt=\"\" \/>\t\t\t\t\t\t\t\t<\/a>\n\t\t\t\t\t\t\t\t\t\t\t<figcaption class=\"widget-image-caption wp-caption-text\">Pula nagr\u00f3d<\/figcaption>\n\t\t\t\t\t\t\t\t\t\t<\/figure>\n\t\t\t\t\t\t\t\t\t<\/div>\n\t\t\t\t\t<\/div>\n\t\t\t\t<\/div>\n\t\t<div class=\"elementor-element elementor-element-2eabcc2 e-flex e-con-boxed e-con e-parent\" data-id=\"2eabcc2\" data-element_type=\"container\" data-e-type=\"container\">\n\t\t\t\t\t<div class=\"e-con-inner\">\n\t\t\t\t<div class=\"elementor-element elementor-element-ed05ebb elementor-widget-divider--view-line elementor-widget elementor-widget-divider\" data-id=\"ed05ebb\" data-element_type=\"widget\" data-e-type=\"widget\" data-widget_type=\"divider.default\">\n\t\t\t\t\t\t\t<div class=\"elementor-divider\">\n\t\t\t<span class=\"elementor-divider-separator\">\n\t\t\t\t\t\t<\/span>\n\t\t<\/div>\n\t\t\t\t\t\t<\/div>\n\t\t\t\t\t<\/div>\n\t\t\t\t<\/div>\n\t\t\t\t<\/div>\n\t\t","protected":false},"excerpt":{"rendered":"<p>G\u0142\u00f3wn\u0105 nagrod\u0119 pi\u0105tkowych \u0142\u0105czno\u015bci stanowi Quansheng UV-5R(8) przekazany przez Jacka SP7JS zmodernizowany i przystosowany do pracy w pa\u015bmie 23cm. Nagroda g\u0142\u00f3wna Pozosta\u0142e nagrody mo\u017cna zobaczy\u0107 w galerii poni\u017cej. Pula ca\u0142y czas si\u0119 powi\u0119ksza. Zach\u0119camy koleg\u00f3w do wst\u0105pienia w poczet fundator\u00f3w. Pula nagr\u00f3d<\/p>\n","protected":false},"author":2,"featured_media":0,"parent":0,"menu_order":0,"comment_status":"closed","ping_status":"closed","template":"","meta":{"footnotes":""},"class_list":["post-5829","page","type-page","status-publish","hentry"],"_links":{"self":[{"href":"http:\/\/194.92.67.112\/index.php\/wp-json\/wp\/v2\/pages\/5829","targetHints":{"allow":["GET"]}}],"collection":[{"href":"http:\/\/194.92.67.112\/index.php\/wp-json\/wp\/v2\/pages"}],"about":[{"href":"http:\/\/194.92.67.112\/index.php\/wp-json\/wp\/v2\/types\/page"}],"author":[{"embeddable":true,"href":"http:\/\/194.92.67.112\/index.php\/wp-json\/wp\/v2\/users\/2"}],"replies":[{"embeddable":true,"href":"http:\/\/194.92.67.112\/index.php\/wp-json\/wp\/v2\/comments?post=5829"}],"version-history":[{"count":33,"href":"http:\/\/194.92.67.112\/index.php\/wp-json\/wp\/v2\/pages\/5829\/revisions"}],"predecessor-version":[{"id":5976,"href":"http:\/\/194.92.67.112\/index.php\/wp-json\/wp\/v2\/pages\/5829\/revisions\/5976"}],"wp:attachment":[{"href":"http:\/\/194.92.67.112\/index.php\/wp-json\/wp\/v2\/media?parent=5829"}],"curies":[{"name":"wp","href":"https:\/\/api.w.org\/{rel}","templated":true}]}}